{"id":90,"date":"2013-02-14T12:07:53","date_gmt":"2013-02-14T12:07:53","guid":{"rendered":"http:\/\/huegellandhof.at\/web\/?page_id=90"},"modified":"2020-01-22T17:33:44","modified_gmt":"2020-01-22T17:33:44","slug":"kornblumenzimmer","status":"publish","type":"page","link":"https:\/\/huegellandhof.com\/web\/zimmer\/kornblumenzimmer\/","title":{"rendered":"Kornblumenzimmer"},"content":{"rendered":"<p><a href=\"https:\/\/huegellandhof.com\/web\/wp-content\/uploads\/2013\/02\/zimmer-2.jpg\"><img loading=\"lazy\" decoding=\"async\" class=\"alignnone wp-image-2356 size-medium\" title=\"Kornblumenzimmer Pension - H\u00fcgellandhof Uitz S\u00fcd-Burgenland\" src=\"https:\/\/huegellandhof.com\/web\/wp-content\/uploads\/2013\/02\/zimmer-2-300x150.jpg\" alt=\"Kornblumenzimmer Pension - H\u00fcgellandhof Uitz S\u00fcd-Burgenland\" width=\"300\" height=\"150\" \/><\/a><\/p>\n<p>Dieses ger\u00e4umige Zimmer verf\u00fcgt \u00fcber eine Terasse. WC und Dusche sowie einen Sat-TV Anschluss.<\/p>\n<h2>Allgemeine Infos<\/h2>\n<ul>\n<li>Fr\u00fchst\u00fcck<\/li>\n<li>1 bis 4 Personen<\/li>\n<li>Zweibettzimmer<\/li>\n<li>Garten-\/Parkseite, 1. Stockwerk, S\u00fcdseite<\/li>\n<\/ul>\n<h2>Ausstattung<\/h2>\n<p>Balkon mit Sonnenmarkise, Heizung, Kinderbett auf Anfrage, Wasserkocher, W-Lan, SAT-TV, CD-Player, Zimmersafe<\/p>\n","protected":false},"excerpt":{"rendered":"<p>Dieses ger\u00e4umige Zimmer verf\u00fcgt \u00fcber eine Terasse. WC und Dusche sowie einen Sat-TV Anschluss. Allgemeine Infos Fr\u00fchst\u00fcck 1 bis 4 Personen Zweibettzimmer Garten-\/Parkseite, 1. Stockwerk, S\u00fcdseite Ausstattung Balkon mit Sonnenmarkise, Heizung, Kinderbett auf Anfrage, Wasserkocher, W-Lan, SAT-TV, CD-Player, Zimmersafe<\/p>\n","protected":false},"author":2,"featured_media":0,"parent":10,"menu_order":0,"comment_status":"closed","ping_status":"closed","template":"sidebar-page.php","meta":{"footnotes":""},"class_list":["post-90","page","type-page","status-publish","hentry"],"yoast_head":"<!-- This site is optimized with the Yoast SEO plugin v27.5 - https:\/\/yoast.com\/product\/yoast-seo-wordpress\/ -->\n<title>Kornblumenzimmer - H\u00fcgellandhof Familie Uitz im S\u00fcdburgenland<\/title>\n<meta name=\"robots\" content=\"index, follow, max-snippet:-1, max-image-preview:large, max-video-preview:-1\" \/>\n<link rel=\"canonical\" href=\"https:\/\/huegellandhof.com\/web\/zimmer\/kornblumenzimmer\/\" \/>\n<meta property=\"og:locale\" content=\"de_DE\" \/>\n<meta property=\"og:type\" content=\"article\" \/>\n<meta property=\"og:title\" content=\"Kornblumenzimmer - H\u00fcgellandhof Familie Uitz im S\u00fcdburgenland\" \/>\n<meta property=\"og:description\" content=\"Dieses ger\u00e4umige Zimmer verf\u00fcgt \u00fcber eine Terasse. WC und Dusche sowie einen Sat-TV Anschluss. Allgemeine Infos Fr\u00fchst\u00fcck 1 bis 4 Personen Zweibettzimmer Garten-\/Parkseite, 1. Stockwerk, S\u00fcdseite Ausstattung Balkon mit Sonnenmarkise, Heizung, Kinderbett auf Anfrage, Wasserkocher, W-Lan, SAT-TV, CD-Player, Zimmersafe\" \/>\n<meta property=\"og:url\" content=\"https:\/\/huegellandhof.com\/web\/zimmer\/kornblumenzimmer\/\" \/>\n<meta property=\"og:site_name\" content=\"H\u00fcgellandhof Familie Uitz im S\u00fcdburgenland\" \/>\n<meta property=\"article:modified_time\" content=\"2020-01-22T17:33:44+00:00\" \/>\n<meta property=\"og:image\" content=\"https:\/\/huegellandhof.com\/web\/wp-content\/uploads\/2013\/02\/zimmer-2-300x150.jpg\" \/>\n<meta name=\"twitter:card\" content=\"summary_large_image\" \/>\n<script type=\"application\/ld+json\" class=\"yoast-schema-graph\">{\"@context\":\"https:\\\/\\\/schema.org\",\"@graph\":[{\"@type\":\"WebPage\",\"@id\":\"https:\\\/\\\/huegellandhof.com\\\/web\\\/zimmer\\\/kornblumenzimmer\\\/\",\"url\":\"https:\\\/\\\/huegellandhof.com\\\/web\\\/zimmer\\\/kornblumenzimmer\\\/\",\"name\":\"Kornblumenzimmer - H\u00fcgellandhof Familie Uitz im S\u00fcdburgenland\",\"isPartOf\":{\"@id\":\"https:\\\/\\\/huegellandhof.com\\\/web\\\/#website\"},\"primaryImageOfPage\":{\"@id\":\"https:\\\/\\\/huegellandhof.com\\\/web\\\/zimmer\\\/kornblumenzimmer\\\/#primaryimage\"},\"image\":{\"@id\":\"https:\\\/\\\/huegellandhof.com\\\/web\\\/zimmer\\\/kornblumenzimmer\\\/#primaryimage\"},\"thumbnailUrl\":\"https:\\\/\\\/huegellandhof.com\\\/web\\\/wp-content\\\/uploads\\\/2013\\\/02\\\/zimmer-2-300x150.jpg\",\"datePublished\":\"2013-02-14T12:07:53+00:00\",\"dateModified\":\"2020-01-22T17:33:44+00:00\",\"breadcrumb\":{\"@id\":\"https:\\\/\\\/huegellandhof.com\\\/web\\\/zimmer\\\/kornblumenzimmer\\\/#breadcrumb\"},\"inLanguage\":\"de\",\"potentialAction\":[{\"@type\":\"ReadAction\",\"target\":[\"https:\\\/\\\/huegellandhof.com\\\/web\\\/zimmer\\\/kornblumenzimmer\\\/\"]}]},{\"@type\":\"ImageObject\",\"inLanguage\":\"de\",\"@id\":\"https:\\\/\\\/huegellandhof.com\\\/web\\\/zimmer\\\/kornblumenzimmer\\\/#primaryimage\",\"url\":\"\",\"contentUrl\":\"\"},{\"@type\":\"BreadcrumbList\",\"@id\":\"https:\\\/\\\/huegellandhof.com\\\/web\\\/zimmer\\\/kornblumenzimmer\\\/#breadcrumb\",\"itemListElement\":[{\"@type\":\"ListItem\",\"position\":1,\"name\":\"Startseite\",\"item\":\"https:\\\/\\\/huegellandhof.com\\\/web\\\/\"},{\"@type\":\"ListItem\",\"position\":2,\"name\":\"Zimmer &#038; Suiten\",\"item\":\"https:\\\/\\\/huegellandhof.com\\\/web\\\/zimmer\\\/\"},{\"@type\":\"ListItem\",\"position\":3,\"name\":\"Kornblumenzimmer\"}]},{\"@type\":\"WebSite\",\"@id\":\"https:\\\/\\\/huegellandhof.com\\\/web\\\/#website\",\"url\":\"https:\\\/\\\/huegellandhof.com\\\/web\\\/\",\"name\":\"H\u00fcgellandhof Familie Uitz im S\u00fcdburgenland\",\"description\":\"Urlaub + Gesundheit in der Natur im Burgenland\",\"potentialAction\":[{\"@type\":\"SearchAction\",\"target\":{\"@type\":\"EntryPoint\",\"urlTemplate\":\"https:\\\/\\\/huegellandhof.com\\\/web\\\/?s={search_term_string}\"},\"query-input\":{\"@type\":\"PropertyValueSpecification\",\"valueRequired\":true,\"valueName\":\"search_term_string\"}}],\"inLanguage\":\"de\"}]}<\/script>\n<!-- \/ Yoast SEO plugin. -->","yoast_head_json":{"title":"Kornblumenzimmer - H\u00fcgellandhof Familie Uitz im S\u00fcdburgenland","robots":{"index":"index","follow":"follow","max-snippet":"max-snippet:-1","max-image-preview":"max-image-preview:large","max-video-preview":"max-video-preview:-1"},"canonical":"https:\/\/huegellandhof.com\/web\/zimmer\/kornblumenzimmer\/","og_locale":"de_DE","og_type":"article","og_title":"Kornblumenzimmer - H\u00fcgellandhof Familie Uitz im S\u00fcdburgenland","og_description":"Dieses ger\u00e4umige Zimmer verf\u00fcgt \u00fcber eine Terasse. WC und Dusche sowie einen Sat-TV Anschluss. Allgemeine Infos Fr\u00fchst\u00fcck 1 bis 4 Personen Zweibettzimmer Garten-\/Parkseite, 1. Stockwerk, S\u00fcdseite Ausstattung Balkon mit Sonnenmarkise, Heizung, Kinderbett auf Anfrage, Wasserkocher, W-Lan, SAT-TV, CD-Player, Zimmersafe","og_url":"https:\/\/huegellandhof.com\/web\/zimmer\/kornblumenzimmer\/","og_site_name":"H\u00fcgellandhof Familie Uitz im S\u00fcdburgenland","article_modified_time":"2020-01-22T17:33:44+00:00","og_image":[{"url":"https:\/\/huegellandhof.com\/web\/wp-content\/uploads\/2013\/02\/zimmer-2-300x150.jpg","type":"","width":"","height":""}],"twitter_card":"summary_large_image","schema":{"@context":"https:\/\/schema.org","@graph":[{"@type":"WebPage","@id":"https:\/\/huegellandhof.com\/web\/zimmer\/kornblumenzimmer\/","url":"https:\/\/huegellandhof.com\/web\/zimmer\/kornblumenzimmer\/","name":"Kornblumenzimmer - H\u00fcgellandhof Familie Uitz im S\u00fcdburgenland","isPartOf":{"@id":"https:\/\/huegellandhof.com\/web\/#website"},"primaryImageOfPage":{"@id":"https:\/\/huegellandhof.com\/web\/zimmer\/kornblumenzimmer\/#primaryimage"},"image":{"@id":"https:\/\/huegellandhof.com\/web\/zimmer\/kornblumenzimmer\/#primaryimage"},"thumbnailUrl":"https:\/\/huegellandhof.com\/web\/wp-content\/uploads\/2013\/02\/zimmer-2-300x150.jpg","datePublished":"2013-02-14T12:07:53+00:00","dateModified":"2020-01-22T17:33:44+00:00","breadcrumb":{"@id":"https:\/\/huegellandhof.com\/web\/zimmer\/kornblumenzimmer\/#breadcrumb"},"inLanguage":"de","potentialAction":[{"@type":"ReadAction","target":["https:\/\/huegellandhof.com\/web\/zimmer\/kornblumenzimmer\/"]}]},{"@type":"ImageObject","inLanguage":"de","@id":"https:\/\/huegellandhof.com\/web\/zimmer\/kornblumenzimmer\/#primaryimage","url":"","contentUrl":""},{"@type":"BreadcrumbList","@id":"https:\/\/huegellandhof.com\/web\/zimmer\/kornblumenzimmer\/#breadcrumb","itemListElement":[{"@type":"ListItem","position":1,"name":"Startseite","item":"https:\/\/huegellandhof.com\/web\/"},{"@type":"ListItem","position":2,"name":"Zimmer &#038; Suiten","item":"https:\/\/huegellandhof.com\/web\/zimmer\/"},{"@type":"ListItem","position":3,"name":"Kornblumenzimmer"}]},{"@type":"WebSite","@id":"https:\/\/huegellandhof.com\/web\/#website","url":"https:\/\/huegellandhof.com\/web\/","name":"H\u00fcgellandhof Familie Uitz im S\u00fcdburgenland","description":"Urlaub + Gesundheit in der Natur im Burgenland","potentialAction":[{"@type":"SearchAction","target":{"@type":"EntryPoint","urlTemplate":"https:\/\/huegellandhof.com\/web\/?s={search_term_string}"},"query-input":{"@type":"PropertyValueSpecification","valueRequired":true,"valueName":"search_term_string"}}],"inLanguage":"de"}]}},"_links":{"self":[{"href":"https:\/\/huegellandhof.com\/web\/wp-json\/wp\/v2\/pages\/90","targetHints":{"allow":["GET"]}}],"collection":[{"href":"https:\/\/huegellandhof.com\/web\/wp-json\/wp\/v2\/pages"}],"about":[{"href":"https:\/\/huegellandhof.com\/web\/wp-json\/wp\/v2\/types\/page"}],"author":[{"embeddable":true,"href":"https:\/\/huegellandhof.com\/web\/wp-json\/wp\/v2\/users\/2"}],"replies":[{"embeddable":true,"href":"https:\/\/huegellandhof.com\/web\/wp-json\/wp\/v2\/comments?post=90"}],"version-history":[{"count":25,"href":"https:\/\/huegellandhof.com\/web\/wp-json\/wp\/v2\/pages\/90\/revisions"}],"predecessor-version":[{"id":3140,"href":"https:\/\/huegellandhof.com\/web\/wp-json\/wp\/v2\/pages\/90\/revisions\/3140"}],"up":[{"embeddable":true,"href":"https:\/\/huegellandhof.com\/web\/wp-json\/wp\/v2\/pages\/10"}],"wp:attachment":[{"href":"https:\/\/huegellandhof.com\/web\/wp-json\/wp\/v2\/media?parent=90"}],"curies":[{"name":"wp","href":"https:\/\/api.w.org\/{rel}","templated":true}]}}