{"id":66,"date":"2013-02-14T11:05:11","date_gmt":"2013-02-14T11:05:11","guid":{"rendered":"http:\/\/huegellandhof.at\/web\/?page_id=66"},"modified":"2020-01-23T13:27:03","modified_gmt":"2020-01-23T13:27:03","slug":"tulpensuite","status":"publish","type":"page","link":"https:\/\/huegellandhof.com\/web\/zimmer\/tulpensuite\/","title":{"rendered":"Tulpensuite"},"content":{"rendered":"<p>Sie wohnen auf 38 m<sup>2<\/sup>, verf\u00fcgen \u00fcber einen eigenen Balkon und k\u00f6nnen den Blick in das ruhige H\u00fcgelland und auf die S\u00fcdseite zu unserem Gartenteich genie\u00dfen.<\/p>\n<p><a href=\"https:\/\/huegellandhof.com\/web\/wp-content\/uploads\/2018\/06\/Jean-Van-Luelik-Photographer-180.jpg\"><img loading=\"lazy\" decoding=\"async\" class=\"alignnone wp-image-2578 size-medium\" title=\"Tulpensuite - Hotel Fam. Uitz H\u00fcgellandhof im S\u00fcd-Burgenland\" src=\"https:\/\/huegellandhof.com\/web\/wp-content\/uploads\/2018\/06\/Jean-Van-Luelik-Photographer-180-300x199.jpg\" alt=\"Tulpensuite - Hotel Fam. Uitz H\u00fcgellandhof im S\u00fcd-Burgenland\" width=\"300\" height=\"199\" \/><\/a><a href=\"https:\/\/huegellandhof.com\/web\/wp-content\/uploads\/2018\/06\/Jean-Van-Luelik-Photographer-167.jpg\"><img loading=\"lazy\" decoding=\"async\" class=\"alignnone wp-image-2577 size-medium\" title=\"Tulpensuite 2 - Hotel Fam. Uitz H\u00fcgellandhof im S\u00fcd-Burgenland\" src=\"https:\/\/huegellandhof.com\/web\/wp-content\/uploads\/2018\/06\/Jean-Van-Luelik-Photographer-167-300x199.jpg\" alt=\"Tulpensuite 2 - Hotel Fam. Uitz H\u00fcgellandhof im S\u00fcd-Burgenland\" width=\"300\" height=\"199\" \/><\/a><\/p>\n<h2>Allgemeine Infos<\/h2>\n<ul>\n<li>Fr\u00fchst\u00fcck<\/li>\n<li>1 bis 4 Personen<\/li>\n<li>Zweibettsuite<\/li>\n<li>Garten und Nord und S\u00fcdseite, 1. Stock<\/li>\n<\/ul>\n<h2>Ausstattung<\/h2>\n<p>Balkon, Heizung, Kinderbett auf Anfrage, Wasserkocher, W-Lan, SAT-TV, CD-Player, Zimmersafe<\/p>\n","protected":false},"excerpt":{"rendered":"<p>Sie wohnen auf 38 m2, verf\u00fcgen \u00fcber einen eigenen Balkon und k\u00f6nnen den Blick in das ruhige H\u00fcgelland und auf die S\u00fcdseite zu unserem Gartenteich genie\u00dfen. Allgemeine Infos Fr\u00fchst\u00fcck 1 bis 4 Personen Zweibettsuite Garten und Nord und S\u00fcdseite, 1. &hellip; <a href=\"https:\/\/huegellandhof.com\/web\/zimmer\/tulpensuite\/\">Weiterlesen <span class=\"meta-nav\">&rarr;<\/span><\/a><\/p>\n","protected":false},"author":2,"featured_media":0,"parent":10,"menu_order":0,"comment_status":"closed","ping_status":"closed","template":"sidebar-page.php","meta":{"footnotes":""},"class_list":["post-66","page","type-page","status-publish","hentry"],"yoast_head":"<!-- This site is optimized with the Yoast SEO plugin v27.5 - https:\/\/yoast.com\/product\/yoast-seo-wordpress\/ -->\n<title>Tulpensuite - H\u00fcgellandhof Familie Uitz im S\u00fcdburgenland<\/title>\n<meta name=\"robots\" content=\"index, follow, max-snippet:-1, max-image-preview:large, max-video-preview:-1\" \/>\n<link rel=\"canonical\" href=\"https:\/\/huegellandhof.com\/web\/zimmer\/tulpensuite\/\" \/>\n<meta property=\"og:locale\" content=\"de_DE\" \/>\n<meta property=\"og:type\" content=\"article\" \/>\n<meta property=\"og:title\" content=\"Tulpensuite - H\u00fcgellandhof Familie Uitz im S\u00fcdburgenland\" \/>\n<meta property=\"og:description\" content=\"Sie wohnen auf 38 m2, verf\u00fcgen \u00fcber einen eigenen Balkon und k\u00f6nnen den Blick in das ruhige H\u00fcgelland und auf die S\u00fcdseite zu unserem Gartenteich genie\u00dfen. Allgemeine Infos Fr\u00fchst\u00fcck 1 bis 4 Personen Zweibettsuite Garten und Nord und S\u00fcdseite, 1. &hellip; Weiterlesen &rarr;\" \/>\n<meta property=\"og:url\" content=\"https:\/\/huegellandhof.com\/web\/zimmer\/tulpensuite\/\" \/>\n<meta property=\"og:site_name\" content=\"H\u00fcgellandhof Familie Uitz im S\u00fcdburgenland\" \/>\n<meta property=\"article:modified_time\" content=\"2020-01-23T13:27:03+00:00\" \/>\n<meta property=\"og:image\" content=\"https:\/\/huegellandhof.com\/web\/wp-content\/uploads\/2018\/06\/Jean-Van-Luelik-Photographer-180-300x199.jpg\" \/>\n<meta name=\"twitter:card\" content=\"summary_large_image\" \/>\n<script type=\"application\/ld+json\" class=\"yoast-schema-graph\">{\"@context\":\"https:\\\/\\\/schema.org\",\"@graph\":[{\"@type\":\"WebPage\",\"@id\":\"https:\\\/\\\/huegellandhof.com\\\/web\\\/zimmer\\\/tulpensuite\\\/\",\"url\":\"https:\\\/\\\/huegellandhof.com\\\/web\\\/zimmer\\\/tulpensuite\\\/\",\"name\":\"Tulpensuite - H\u00fcgellandhof Familie Uitz im S\u00fcdburgenland\",\"isPartOf\":{\"@id\":\"https:\\\/\\\/huegellandhof.com\\\/web\\\/#website\"},\"primaryImageOfPage\":{\"@id\":\"https:\\\/\\\/huegellandhof.com\\\/web\\\/zimmer\\\/tulpensuite\\\/#primaryimage\"},\"image\":{\"@id\":\"https:\\\/\\\/huegellandhof.com\\\/web\\\/zimmer\\\/tulpensuite\\\/#primaryimage\"},\"thumbnailUrl\":\"https:\\\/\\\/huegellandhof.com\\\/web\\\/wp-content\\\/uploads\\\/2018\\\/06\\\/Jean-Van-Luelik-Photographer-180-300x199.jpg\",\"datePublished\":\"2013-02-14T11:05:11+00:00\",\"dateModified\":\"2020-01-23T13:27:03+00:00\",\"breadcrumb\":{\"@id\":\"https:\\\/\\\/huegellandhof.com\\\/web\\\/zimmer\\\/tulpensuite\\\/#breadcrumb\"},\"inLanguage\":\"de\",\"potentialAction\":[{\"@type\":\"ReadAction\",\"target\":[\"https:\\\/\\\/huegellandhof.com\\\/web\\\/zimmer\\\/tulpensuite\\\/\"]}]},{\"@type\":\"ImageObject\",\"inLanguage\":\"de\",\"@id\":\"https:\\\/\\\/huegellandhof.com\\\/web\\\/zimmer\\\/tulpensuite\\\/#primaryimage\",\"url\":\"\",\"contentUrl\":\"\"},{\"@type\":\"BreadcrumbList\",\"@id\":\"https:\\\/\\\/huegellandhof.com\\\/web\\\/zimmer\\\/tulpensuite\\\/#breadcrumb\",\"itemListElement\":[{\"@type\":\"ListItem\",\"position\":1,\"name\":\"Startseite\",\"item\":\"https:\\\/\\\/huegellandhof.com\\\/web\\\/\"},{\"@type\":\"ListItem\",\"position\":2,\"name\":\"Zimmer &#038; Suiten\",\"item\":\"https:\\\/\\\/huegellandhof.com\\\/web\\\/zimmer\\\/\"},{\"@type\":\"ListItem\",\"position\":3,\"name\":\"Tulpensuite\"}]},{\"@type\":\"WebSite\",\"@id\":\"https:\\\/\\\/huegellandhof.com\\\/web\\\/#website\",\"url\":\"https:\\\/\\\/huegellandhof.com\\\/web\\\/\",\"name\":\"H\u00fcgellandhof Familie Uitz im S\u00fcdburgenland\",\"description\":\"Urlaub + Gesundheit in der Natur im Burgenland\",\"potentialAction\":[{\"@type\":\"SearchAction\",\"target\":{\"@type\":\"EntryPoint\",\"urlTemplate\":\"https:\\\/\\\/huegellandhof.com\\\/web\\\/?s={search_term_string}\"},\"query-input\":{\"@type\":\"PropertyValueSpecification\",\"valueRequired\":true,\"valueName\":\"search_term_string\"}}],\"inLanguage\":\"de\"}]}<\/script>\n<!-- \/ Yoast SEO plugin. -->","yoast_head_json":{"title":"Tulpensuite - H\u00fcgellandhof Familie Uitz im S\u00fcdburgenland","robots":{"index":"index","follow":"follow","max-snippet":"max-snippet:-1","max-image-preview":"max-image-preview:large","max-video-preview":"max-video-preview:-1"},"canonical":"https:\/\/huegellandhof.com\/web\/zimmer\/tulpensuite\/","og_locale":"de_DE","og_type":"article","og_title":"Tulpensuite - H\u00fcgellandhof Familie Uitz im S\u00fcdburgenland","og_description":"Sie wohnen auf 38 m2, verf\u00fcgen \u00fcber einen eigenen Balkon und k\u00f6nnen den Blick in das ruhige H\u00fcgelland und auf die S\u00fcdseite zu unserem Gartenteich genie\u00dfen. Allgemeine Infos Fr\u00fchst\u00fcck 1 bis 4 Personen Zweibettsuite Garten und Nord und S\u00fcdseite, 1. &hellip; Weiterlesen &rarr;","og_url":"https:\/\/huegellandhof.com\/web\/zimmer\/tulpensuite\/","og_site_name":"H\u00fcgellandhof Familie Uitz im S\u00fcdburgenland","article_modified_time":"2020-01-23T13:27:03+00:00","og_image":[{"url":"https:\/\/huegellandhof.com\/web\/wp-content\/uploads\/2018\/06\/Jean-Van-Luelik-Photographer-180-300x199.jpg","type":"","width":"","height":""}],"twitter_card":"summary_large_image","schema":{"@context":"https:\/\/schema.org","@graph":[{"@type":"WebPage","@id":"https:\/\/huegellandhof.com\/web\/zimmer\/tulpensuite\/","url":"https:\/\/huegellandhof.com\/web\/zimmer\/tulpensuite\/","name":"Tulpensuite - H\u00fcgellandhof Familie Uitz im S\u00fcdburgenland","isPartOf":{"@id":"https:\/\/huegellandhof.com\/web\/#website"},"primaryImageOfPage":{"@id":"https:\/\/huegellandhof.com\/web\/zimmer\/tulpensuite\/#primaryimage"},"image":{"@id":"https:\/\/huegellandhof.com\/web\/zimmer\/tulpensuite\/#primaryimage"},"thumbnailUrl":"https:\/\/huegellandhof.com\/web\/wp-content\/uploads\/2018\/06\/Jean-Van-Luelik-Photographer-180-300x199.jpg","datePublished":"2013-02-14T11:05:11+00:00","dateModified":"2020-01-23T13:27:03+00:00","breadcrumb":{"@id":"https:\/\/huegellandhof.com\/web\/zimmer\/tulpensuite\/#breadcrumb"},"inLanguage":"de","potentialAction":[{"@type":"ReadAction","target":["https:\/\/huegellandhof.com\/web\/zimmer\/tulpensuite\/"]}]},{"@type":"ImageObject","inLanguage":"de","@id":"https:\/\/huegellandhof.com\/web\/zimmer\/tulpensuite\/#primaryimage","url":"","contentUrl":""},{"@type":"BreadcrumbList","@id":"https:\/\/huegellandhof.com\/web\/zimmer\/tulpensuite\/#breadcrumb","itemListElement":[{"@type":"ListItem","position":1,"name":"Startseite","item":"https:\/\/huegellandhof.com\/web\/"},{"@type":"ListItem","position":2,"name":"Zimmer &#038; Suiten","item":"https:\/\/huegellandhof.com\/web\/zimmer\/"},{"@type":"ListItem","position":3,"name":"Tulpensuite"}]},{"@type":"WebSite","@id":"https:\/\/huegellandhof.com\/web\/#website","url":"https:\/\/huegellandhof.com\/web\/","name":"H\u00fcgellandhof Familie Uitz im S\u00fcdburgenland","description":"Urlaub + Gesundheit in der Natur im Burgenland","potentialAction":[{"@type":"SearchAction","target":{"@type":"EntryPoint","urlTemplate":"https:\/\/huegellandhof.com\/web\/?s={search_term_string}"},"query-input":{"@type":"PropertyValueSpecification","valueRequired":true,"valueName":"search_term_string"}}],"inLanguage":"de"}]}},"_links":{"self":[{"href":"https:\/\/huegellandhof.com\/web\/wp-json\/wp\/v2\/pages\/66","targetHints":{"allow":["GET"]}}],"collection":[{"href":"https:\/\/huegellandhof.com\/web\/wp-json\/wp\/v2\/pages"}],"about":[{"href":"https:\/\/huegellandhof.com\/web\/wp-json\/wp\/v2\/types\/page"}],"author":[{"embeddable":true,"href":"https:\/\/huegellandhof.com\/web\/wp-json\/wp\/v2\/users\/2"}],"replies":[{"embeddable":true,"href":"https:\/\/huegellandhof.com\/web\/wp-json\/wp\/v2\/comments?post=66"}],"version-history":[{"count":27,"href":"https:\/\/huegellandhof.com\/web\/wp-json\/wp\/v2\/pages\/66\/revisions"}],"predecessor-version":[{"id":3147,"href":"https:\/\/huegellandhof.com\/web\/wp-json\/wp\/v2\/pages\/66\/revisions\/3147"}],"up":[{"embeddable":true,"href":"https:\/\/huegellandhof.com\/web\/wp-json\/wp\/v2\/pages\/10"}],"wp:attachment":[{"href":"https:\/\/huegellandhof.com\/web\/wp-json\/wp\/v2\/media?parent=66"}],"curies":[{"name":"wp","href":"https:\/\/api.w.org\/{rel}","templated":true}]}}