{"id":10,"date":"2013-02-01T14:57:39","date_gmt":"2013-02-01T14:57:39","guid":{"rendered":"http:\/\/huegellandhof.at\/web\/?page_id=10"},"modified":"2024-01-29T15:06:40","modified_gmt":"2024-01-29T15:06:40","slug":"zimmer","status":"publish","type":"page","link":"https:\/\/huegellandhof.com\/web\/zimmer\/","title":{"rendered":"Zimmer &#038; Suiten"},"content":{"rendered":"<p><span style=\"color: #008000;\"><strong>\u00a0<\/strong><\/span><\/p>\n<p>Wohlbefinden und Gesundheit stehen am H\u00fcgellandhof im Vordergrund. Beim Bau und bei der Auswahl der Einrichtung haben wir besonderen Wert auf <strong>Naturholzm\u00f6bel<\/strong> und <strong>biologische Farbe<\/strong> gelegt.<\/p>\n<p><img loading=\"lazy\" decoding=\"async\" class=\"size-full wp-image-2353\" src=\"https:\/\/huegellandhof.com\/web\/wp-content\/uploads\/2013\/02\/zimmer-1.jpg\" alt=\"zimmer-1\" width=\"1024\" height=\"512\" \/><\/p>\n<p>Unsere Zimmer und Suiten sind eigenen <strong>Blumennamen<\/strong> zugeordnet, die die <strong>naturnahe, umweltfreundliche<\/strong> und <strong>individuelle<\/strong> Gestaltungsweise widerspiegeln sollen.<\/p>\n<p>Au\u00dferdem wohnen und schlafen Sie bei uns ausschlie\u00dflich in elektromagnetisch-entst\u00f6rten Zimmern mit Holzb\u00f6den!<\/p>\n<h2><span style=\"font-family: 'Comic Sans MS', sans-serif; font-size: 12pt; color: #808000;\">Klicken Sie sich durch unser Zimmerangebot!<\/span><\/h2>\n<ul>\n<li><a title=\"Rosensuite\" href=\"https:\/\/huegellandhof.com\/web\/rosensuite\/\">Rosensuite<\/a><\/li>\n<li><a title=\"Lavendelsuite\" href=\"https:\/\/huegellandhof.com\/web\/lavendelsuite\/\">Lavendelsuite<\/a><\/li>\n<li><a title=\"Tulpensuite\" href=\"https:\/\/huegellandhof.com\/web\/tulpensuite\/\">Tulpensuite<\/a><\/li>\n<li><a title=\"Kornblumenzimmer\" href=\"https:\/\/huegellandhof.com\/web\/kornblumenzimmer\/\">Kornblumenzimmer<\/a><\/li>\n<li><a title=\"Margaritenzimmer\" href=\"https:\/\/huegellandhof.com\/web\/margaritenzimmer\/\">Margeritenzimmer<\/a><\/li>\n<li><a title=\"Vergissmeinnichtzimmer\" href=\"https:\/\/huegellandhof.com\/web\/vergissmeinnichtzimmer\/\">Vergissmeinnichtzimmer<\/a><\/li>\n<li><a title=\"Mohnblumenzimmer\" href=\"https:\/\/huegellandhof.com\/web\/mohnblumenzimmer\/\">Mohnblumenzimmer<\/a><\/li>\n<li><a title=\"Sonnenblumenzimmer\" href=\"https:\/\/huegellandhof.com\/web\/sonnenlumenzimmer\/\">Sonnenblumenzimmer<\/a><\/li>\n<li><a title=\"Ferienwohnung Hibiskus\" href=\"https:\/\/huegellandhof.com\/web\/ferienwohnung-hibiskus\/\">Ferienwohnung Hibiskus<\/a><\/li>\n<\/ul>\n<p>&nbsp;<\/p>\n<p><img loading=\"lazy\" decoding=\"async\" class=\"size-full wp-image-2356\" src=\"https:\/\/huegellandhof.com\/web\/wp-content\/uploads\/2013\/02\/zimmer-2.jpg\" alt=\"zimmer-2\" width=\"1024\" height=\"512\" \/><br \/>\n<img loading=\"lazy\" decoding=\"async\" class=\"size-full wp-image-2379\" src=\"https:\/\/huegellandhof.com\/web\/wp-content\/uploads\/2013\/02\/zimmer-3.jpg\" alt=\"zimmer-3\" width=\"1024\" height=\"512\" \/><br \/>\n<img loading=\"lazy\" decoding=\"async\" class=\"size-full wp-image-2381\" src=\"https:\/\/huegellandhof.com\/web\/wp-content\/uploads\/2013\/02\/zimmer-4.jpg\" alt=\"zimmer-4\" width=\"1024\" height=\"512\" srcset=\"https:\/\/huegellandhof.com\/web\/wp-content\/uploads\/2013\/02\/zimmer-4.jpg 1024w, https:\/\/huegellandhof.com\/web\/wp-content\/uploads\/2013\/02\/zimmer-4-300x150.jpg 300w, https:\/\/huegellandhof.com\/web\/wp-content\/uploads\/2013\/02\/zimmer-4-500x250.jpg 500w\" sizes=\"auto, (max-width: 1024px) 100vw, 1024px\" \/><br \/>\n<img loading=\"lazy\" decoding=\"async\" class=\"size-full wp-image-2382\" src=\"https:\/\/huegellandhof.com\/web\/wp-content\/uploads\/2013\/02\/zimmer-5.jpg\" alt=\"zimmer-5\" width=\"1024\" height=\"512\" \/><\/p>\n","protected":false},"excerpt":{"rendered":"<p>\u00a0 Wohlbefinden und Gesundheit stehen am H\u00fcgellandhof im Vordergrund. Beim Bau und bei der Auswahl der Einrichtung haben wir besonderen Wert auf Naturholzm\u00f6bel und biologische Farbe gelegt. Unsere Zimmer und Suiten sind eigenen Blumennamen zugeordnet, die die naturnahe, umweltfreundliche und &hellip; <a href=\"https:\/\/huegellandhof.com\/web\/zimmer\/\">Weiterlesen <span class=\"meta-nav\">&rarr;<\/span><\/a><\/p>\n","protected":false},"author":1,"featured_media":0,"parent":0,"menu_order":0,"comment_status":"closed","ping_status":"closed","template":"sidebar-page.php","meta":{"footnotes":""},"class_list":["post-10","page","type-page","status-publish","hentry"],"yoast_head":"<!-- This site is optimized with the Yoast SEO plugin v27.4 - https:\/\/yoast.com\/product\/yoast-seo-wordpress\/ -->\n<title>Zimmer &amp; Suiten - H\u00fcgellandhof Familie Uitz im S\u00fcdburgenland<\/title>\n<meta name=\"robots\" content=\"index, follow, max-snippet:-1, max-image-preview:large, max-video-preview:-1\" \/>\n<link rel=\"canonical\" href=\"https:\/\/huegellandhof.com\/web\/zimmer\/\" \/>\n<meta property=\"og:locale\" content=\"de_DE\" \/>\n<meta property=\"og:type\" content=\"article\" \/>\n<meta property=\"og:title\" content=\"Zimmer &amp; Suiten - H\u00fcgellandhof Familie Uitz im S\u00fcdburgenland\" \/>\n<meta property=\"og:description\" content=\"\u00a0 Wohlbefinden und Gesundheit stehen am H\u00fcgellandhof im Vordergrund. Beim Bau und bei der Auswahl der Einrichtung haben wir besonderen Wert auf Naturholzm\u00f6bel und biologische Farbe gelegt. Unsere Zimmer und Suiten sind eigenen Blumennamen zugeordnet, die die naturnahe, umweltfreundliche und &hellip; Weiterlesen &rarr;\" \/>\n<meta property=\"og:url\" content=\"https:\/\/huegellandhof.com\/web\/zimmer\/\" \/>\n<meta property=\"og:site_name\" content=\"H\u00fcgellandhof Familie Uitz im S\u00fcdburgenland\" \/>\n<meta property=\"article:modified_time\" content=\"2024-01-29T15:06:40+00:00\" \/>\n<meta property=\"og:image\" content=\"https:\/\/huegellandhof.com\/web\/wp-content\/uploads\/2013\/02\/zimmer-1.jpg\" \/>\n<meta name=\"twitter:card\" content=\"summary_large_image\" \/>\n<meta name=\"twitter:label1\" content=\"Gesch\u00e4tzte Lesezeit\" \/>\n\t<meta name=\"twitter:data1\" content=\"2\u00a0Minuten\" \/>\n<script type=\"application\/ld+json\" class=\"yoast-schema-graph\">{\"@context\":\"https:\\\/\\\/schema.org\",\"@graph\":[{\"@type\":\"WebPage\",\"@id\":\"https:\\\/\\\/huegellandhof.com\\\/web\\\/zimmer\\\/\",\"url\":\"https:\\\/\\\/huegellandhof.com\\\/web\\\/zimmer\\\/\",\"name\":\"Zimmer & Suiten - H\u00fcgellandhof Familie Uitz im S\u00fcdburgenland\",\"isPartOf\":{\"@id\":\"https:\\\/\\\/huegellandhof.com\\\/web\\\/#website\"},\"primaryImageOfPage\":{\"@id\":\"https:\\\/\\\/huegellandhof.com\\\/web\\\/zimmer\\\/#primaryimage\"},\"image\":{\"@id\":\"https:\\\/\\\/huegellandhof.com\\\/web\\\/zimmer\\\/#primaryimage\"},\"thumbnailUrl\":\"https:\\\/\\\/huegellandhof.com\\\/web\\\/wp-content\\\/uploads\\\/2013\\\/02\\\/zimmer-1.jpg\",\"datePublished\":\"2013-02-01T14:57:39+00:00\",\"dateModified\":\"2024-01-29T15:06:40+00:00\",\"breadcrumb\":{\"@id\":\"https:\\\/\\\/huegellandhof.com\\\/web\\\/zimmer\\\/#breadcrumb\"},\"inLanguage\":\"de\",\"potentialAction\":[{\"@type\":\"ReadAction\",\"target\":[\"https:\\\/\\\/huegellandhof.com\\\/web\\\/zimmer\\\/\"]}]},{\"@type\":\"ImageObject\",\"inLanguage\":\"de\",\"@id\":\"https:\\\/\\\/huegellandhof.com\\\/web\\\/zimmer\\\/#primaryimage\",\"url\":\"\",\"contentUrl\":\"\"},{\"@type\":\"BreadcrumbList\",\"@id\":\"https:\\\/\\\/huegellandhof.com\\\/web\\\/zimmer\\\/#breadcrumb\",\"itemListElement\":[{\"@type\":\"ListItem\",\"position\":1,\"name\":\"Startseite\",\"item\":\"https:\\\/\\\/huegellandhof.com\\\/web\\\/\"},{\"@type\":\"ListItem\",\"position\":2,\"name\":\"Zimmer &#038; Suiten\"}]},{\"@type\":\"WebSite\",\"@id\":\"https:\\\/\\\/huegellandhof.com\\\/web\\\/#website\",\"url\":\"https:\\\/\\\/huegellandhof.com\\\/web\\\/\",\"name\":\"H\u00fcgellandhof Familie Uitz im S\u00fcdburgenland\",\"description\":\"Urlaub + Gesundheit in der Natur im Burgenland\",\"potentialAction\":[{\"@type\":\"SearchAction\",\"target\":{\"@type\":\"EntryPoint\",\"urlTemplate\":\"https:\\\/\\\/huegellandhof.com\\\/web\\\/?s={search_term_string}\"},\"query-input\":{\"@type\":\"PropertyValueSpecification\",\"valueRequired\":true,\"valueName\":\"search_term_string\"}}],\"inLanguage\":\"de\"}]}<\/script>\n<!-- \/ Yoast SEO plugin. -->","yoast_head_json":{"title":"Zimmer & Suiten - H\u00fcgellandhof Familie Uitz im S\u00fcdburgenland","robots":{"index":"index","follow":"follow","max-snippet":"max-snippet:-1","max-image-preview":"max-image-preview:large","max-video-preview":"max-video-preview:-1"},"canonical":"https:\/\/huegellandhof.com\/web\/zimmer\/","og_locale":"de_DE","og_type":"article","og_title":"Zimmer & Suiten - H\u00fcgellandhof Familie Uitz im S\u00fcdburgenland","og_description":"\u00a0 Wohlbefinden und Gesundheit stehen am H\u00fcgellandhof im Vordergrund. Beim Bau und bei der Auswahl der Einrichtung haben wir besonderen Wert auf Naturholzm\u00f6bel und biologische Farbe gelegt. Unsere Zimmer und Suiten sind eigenen Blumennamen zugeordnet, die die naturnahe, umweltfreundliche und &hellip; Weiterlesen &rarr;","og_url":"https:\/\/huegellandhof.com\/web\/zimmer\/","og_site_name":"H\u00fcgellandhof Familie Uitz im S\u00fcdburgenland","article_modified_time":"2024-01-29T15:06:40+00:00","og_image":[{"url":"https:\/\/huegellandhof.com\/web\/wp-content\/uploads\/2013\/02\/zimmer-1.jpg","type":"","width":"","height":""}],"twitter_card":"summary_large_image","twitter_misc":{"Gesch\u00e4tzte Lesezeit":"2\u00a0Minuten"},"schema":{"@context":"https:\/\/schema.org","@graph":[{"@type":"WebPage","@id":"https:\/\/huegellandhof.com\/web\/zimmer\/","url":"https:\/\/huegellandhof.com\/web\/zimmer\/","name":"Zimmer & Suiten - H\u00fcgellandhof Familie Uitz im S\u00fcdburgenland","isPartOf":{"@id":"https:\/\/huegellandhof.com\/web\/#website"},"primaryImageOfPage":{"@id":"https:\/\/huegellandhof.com\/web\/zimmer\/#primaryimage"},"image":{"@id":"https:\/\/huegellandhof.com\/web\/zimmer\/#primaryimage"},"thumbnailUrl":"https:\/\/huegellandhof.com\/web\/wp-content\/uploads\/2013\/02\/zimmer-1.jpg","datePublished":"2013-02-01T14:57:39+00:00","dateModified":"2024-01-29T15:06:40+00:00","breadcrumb":{"@id":"https:\/\/huegellandhof.com\/web\/zimmer\/#breadcrumb"},"inLanguage":"de","potentialAction":[{"@type":"ReadAction","target":["https:\/\/huegellandhof.com\/web\/zimmer\/"]}]},{"@type":"ImageObject","inLanguage":"de","@id":"https:\/\/huegellandhof.com\/web\/zimmer\/#primaryimage","url":"","contentUrl":""},{"@type":"BreadcrumbList","@id":"https:\/\/huegellandhof.com\/web\/zimmer\/#breadcrumb","itemListElement":[{"@type":"ListItem","position":1,"name":"Startseite","item":"https:\/\/huegellandhof.com\/web\/"},{"@type":"ListItem","position":2,"name":"Zimmer &#038; Suiten"}]},{"@type":"WebSite","@id":"https:\/\/huegellandhof.com\/web\/#website","url":"https:\/\/huegellandhof.com\/web\/","name":"H\u00fcgellandhof Familie Uitz im S\u00fcdburgenland","description":"Urlaub + Gesundheit in der Natur im Burgenland","potentialAction":[{"@type":"SearchAction","target":{"@type":"EntryPoint","urlTemplate":"https:\/\/huegellandhof.com\/web\/?s={search_term_string}"},"query-input":{"@type":"PropertyValueSpecification","valueRequired":true,"valueName":"search_term_string"}}],"inLanguage":"de"}]}},"_links":{"self":[{"href":"https:\/\/huegellandhof.com\/web\/wp-json\/wp\/v2\/pages\/10","targetHints":{"allow":["GET"]}}],"collection":[{"href":"https:\/\/huegellandhof.com\/web\/wp-json\/wp\/v2\/pages"}],"about":[{"href":"https:\/\/huegellandhof.com\/web\/wp-json\/wp\/v2\/types\/page"}],"author":[{"embeddable":true,"href":"https:\/\/huegellandhof.com\/web\/wp-json\/wp\/v2\/users\/1"}],"replies":[{"embeddable":true,"href":"https:\/\/huegellandhof.com\/web\/wp-json\/wp\/v2\/comments?post=10"}],"version-history":[{"count":44,"href":"https:\/\/huegellandhof.com\/web\/wp-json\/wp\/v2\/pages\/10\/revisions"}],"predecessor-version":[{"id":4404,"href":"https:\/\/huegellandhof.com\/web\/wp-json\/wp\/v2\/pages\/10\/revisions\/4404"}],"wp:attachment":[{"href":"https:\/\/huegellandhof.com\/web\/wp-json\/wp\/v2\/media?parent=10"}],"curies":[{"name":"wp","href":"https:\/\/api.w.org\/{rel}","templated":true}]}}